{"id":5,"date":"2015-05-26T09:15:10","date_gmt":"2015-05-26T09:15:10","guid":{"rendered":"https:\/\/www.xn--siebenbumen-r8a.de\/?page_id=5"},"modified":"2015-05-26T09:15:46","modified_gmt":"2015-05-26T09:15:46","slug":"unser-dorf","status":"publish","type":"page","link":"https:\/\/www.xn--siebenbumen-r8a.de\/?page_id=5","title":{"rendered":"Unser Dorf"},"content":{"rendered":"<p>Siebenb\u00e4umen wurde im Jahr 1286 erstmals erw\u00e4hnt und geh\u00f6rte zur Vogtei M\u00f6lln der Herz\u00f6ge von Sachsen-Lauenburg, und dem sp\u00e4teren Amt Steinhorst. Ein Teil des Ortes geh\u00f6rte von 1401 bis 1747 zu L\u00fcbeck.<br \/>\nDie <a href=\"http:\/\/www.kirche-siebenbaeumen.de\/\" target=\"_blank\">Dorfkirche<\/a> auf einem ovalen H\u00fcgel in der Ortsmitte ist seit 1304 unter dem Namen Marienkirche bekannt. Der zweite nachweisbare Kirchenbau wird von 1640-1646 neu errichtet. Es handelte sich dabei um einen Fachwerkbau, der 1864 niedergelegt wurde. Dabei kamen verkohlte \u00dcberreste eines Vorg\u00e4ngerbaus zu Tage, doch kann dies nicht den Kirchenbau direkt vor 1640 betreffen, denn diese Kirche ist nicht niedergebrannt, deutet also auf einen vierten Kirchenbau hin. Die heutige Marienkirche wurde in den Jahren 1864\/1865 im Stil der Tudorgotik erbaut und ist die vermutlich vierte an gleicher Stelle.<\/p>\n<p>Quelle:\u00a0wikipedia.de<\/p>\n","protected":false},"excerpt":{"rendered":"<p>Siebenb\u00e4umen wurde im Jahr 1286 erstmals erw\u00e4hnt und geh\u00f6rte zur Vogtei M\u00f6lln der Herz\u00f6ge von Sachsen-Lauenburg, und dem sp\u00e4teren Amt<\/p>\n","protected":false},"author":1,"featured_media":0,"parent":0,"menu_order":0,"comment_status":"open","ping_status":"open","template":"","meta":[],"_links":{"self":[{"href":"https:\/\/www.xn--siebenbumen-r8a.de\/index.php?rest_route=\/wp\/v2\/pages\/5"}],"collection":[{"href":"https:\/\/www.xn--siebenbumen-r8a.de\/index.php?rest_route=\/wp\/v2\/pages"}],"about":[{"href":"https:\/\/www.xn--siebenbumen-r8a.de\/index.php?rest_route=\/wp\/v2\/types\/page"}],"author":[{"embeddable":true,"href":"https:\/\/www.xn--siebenbumen-r8a.de\/index.php?rest_route=\/wp\/v2\/users\/1"}],"replies":[{"embeddable":true,"href":"https:\/\/www.xn--siebenbumen-r8a.de\/index.php?rest_route=%2Fwp%2Fv2%2Fcomments&post=5"}],"version-history":[{"count":2,"href":"https:\/\/www.xn--siebenbumen-r8a.de\/index.php?rest_route=\/wp\/v2\/pages\/5\/revisions"}],"predecessor-version":[{"id":7,"href":"https:\/\/www.xn--siebenbumen-r8a.de\/index.php?rest_route=\/wp\/v2\/pages\/5\/revisions\/7"}],"wp:attachment":[{"href":"https:\/\/www.xn--siebenbumen-r8a.de\/index.php?rest_route=%2Fwp%2Fv2%2Fmedia&parent=5"}],"curies":[{"name":"wp","href":"https:\/\/api.w.org\/{rel}","templated":true}]}}